{"id":36,"date":"2019-08-25T15:57:33","date_gmt":"2019-08-25T13:57:33","guid":{"rendered":"http:\/\/internetsupercool.com\/GYMDOL\/?page_id=36"},"modified":"2021-08-08T17:24:13","modified_gmt":"2021-08-08T15:24:13","slug":"contacts","status":"publish","type":"page","link":"https:\/\/gymnastiquevolontaire-doldebretagne.fr\/?page_id=36","title":{"rendered":"Contacts"},"content":{"rendered":"\r\n<figure class=\"wp-block-image\"><img decoding=\"async\" loading=\"lazy\" class=\"alignnone wp-image-53 size-medium\" src=\"https:\/\/gymnastiquevolontaire-doldebretagne.fr\/wp-content\/uploads\/2019\/08\/Capture-d\u2019e\u0301cran-2019-08-25-a\u0300-16.08.54-300x111.png\" alt=\"\" width=\"300\" height=\"111\" srcset=\"https:\/\/gymnastiquevolontaire-doldebretagne.fr\/wp-content\/uploads\/2019\/08\/Capture-d\u2019e\u0301cran-2019-08-25-a\u0300-16.08.54-300x111.png 300w, https:\/\/gymnastiquevolontaire-doldebretagne.fr\/wp-content\/uploads\/2019\/08\/Capture-d\u2019e\u0301cran-2019-08-25-a\u0300-16.08.54.png 350w\" sizes=\"(max-width: 300px) 100vw, 300px\" \/><\/figure>\r\n\r\n\r\n\r\n<p>Inscriptions sur place pendant les s\u00e9ances,<\/p>\r\n\r\n\r\n\r\n<p>Nouveaux adh\u00e9rents : profitez de nos deux s\u00e9ances d&rsquo;essai gratuites !<\/p>\r\n","protected":false},"excerpt":{"rendered":"<p>Inscriptions sur place pendant les s\u00e9ances, Nouveaux adh\u00e9rents : profitez de nos deux s\u00e9ances d&rsquo;essai gratuites !<\/p>\n","protected":false},"author":1,"featured_media":0,"parent":0,"menu_order":0,"comment_status":"closed","ping_status":"closed","template":"","meta":[],"_links":{"self":[{"href":"https:\/\/gymnastiquevolontaire-doldebretagne.fr\/index.php?rest_route=\/wp\/v2\/pages\/36"}],"collection":[{"href":"https:\/\/gymnastiquevolontaire-doldebretagne.fr\/index.php?rest_route=\/wp\/v2\/pages"}],"about":[{"href":"https:\/\/gymnastiquevolontaire-doldebretagne.fr\/index.php?rest_route=\/wp\/v2\/types\/page"}],"author":[{"embeddable":true,"href":"https:\/\/gymnastiquevolontaire-doldebretagne.fr\/index.php?rest_route=\/wp\/v2\/users\/1"}],"replies":[{"embeddable":true,"href":"https:\/\/gymnastiquevolontaire-doldebretagne.fr\/index.php?rest_route=%2Fwp%2Fv2%2Fcomments&post=36"}],"version-history":[{"count":3,"href":"https:\/\/gymnastiquevolontaire-doldebretagne.fr\/index.php?rest_route=\/wp\/v2\/pages\/36\/revisions"}],"predecessor-version":[{"id":86,"href":"https:\/\/gymnastiquevolontaire-doldebretagne.fr\/index.php?rest_route=\/wp\/v2\/pages\/36\/revisions\/86"}],"wp:attachment":[{"href":"https:\/\/gymnastiquevolontaire-doldebretagne.fr\/index.php?rest_route=%2Fwp%2Fv2%2Fmedia&parent=36"}],"curies":[{"name":"wp","href":"https:\/\/api.w.org\/{rel}","templated":true}]}}