{"id":30,"date":"2019-08-25T15:35:33","date_gmt":"2019-08-25T13:35:33","guid":{"rendered":"http:\/\/internetsupercool.com\/GYMDOL\/?page_id=30"},"modified":"2020-08-14T11:51:55","modified_gmt":"2020-08-14T09:51:55","slug":"la-gym-volontaire","status":"publish","type":"page","link":"https:\/\/gymnastiquevolontaire-doldebretagne.fr\/?page_id=30","title":{"rendered":"La gym volontaire"},"content":{"rendered":"\r\n<figure class=\"wp-block-image\"><img decoding=\"async\" loading=\"lazy\" width=\"776\" height=\"579\" class=\"wp-image-32\" src=\"http:\/\/internetsupercool.com\/GYMDOL\/wp-content\/uploads\/2019\/08\/chaussettes.jpg\" alt=\"\" srcset=\"https:\/\/gymnastiquevolontaire-doldebretagne.fr\/wp-content\/uploads\/2019\/08\/chaussettes.jpg 776w, https:\/\/gymnastiquevolontaire-doldebretagne.fr\/wp-content\/uploads\/2019\/08\/chaussettes-300x224.jpg 300w, https:\/\/gymnastiquevolontaire-doldebretagne.fr\/wp-content\/uploads\/2019\/08\/chaussettes-768x573.jpg 768w\" sizes=\"(max-width: 776px) 100vw, 776px\" \/><\/figure>\r\n\r\n\r\n\r\n<p>Les s\u00e9ances sont adapt\u00e9es \u00e0 vos capacit\u00e9s dans une ambiance de respect mutuel et de solidarit\u00e9.<\/p>\r\n<p>Le club s&rsquo;efforce de respecter toutes les recommandations nationales li\u00e9es \u00e0 l&rsquo;\u00e9pid\u00e9mie du COVID 19 .<\/p>\r\n<p>Le respect des consignes implique un certain nombre de contraintes comme l&rsquo;usage d&rsquo;un tapis individuel.<\/p>\r\n","protected":false},"excerpt":{"rendered":"<p>Les s\u00e9ances sont adapt\u00e9es \u00e0 vos capacit\u00e9s dans une ambiance de respect mutuel et de solidarit\u00e9. Le club s&rsquo;efforce de respecter toutes les recommandations nationales li\u00e9es \u00e0 l&rsquo;\u00e9pid\u00e9mie du COVID 19 . Le respect des consignes implique un certain nombre &hellip; <a href=\"https:\/\/gymnastiquevolontaire-doldebretagne.fr\/?page_id=30\">Continuer la lecture <span class=\"meta-nav\">&rarr;<\/span><\/a><\/p>\n","protected":false},"author":1,"featured_media":0,"parent":0,"menu_order":0,"comment_status":"closed","ping_status":"closed","template":"","meta":[],"_links":{"self":[{"href":"https:\/\/gymnastiquevolontaire-doldebretagne.fr\/index.php?rest_route=\/wp\/v2\/pages\/30"}],"collection":[{"href":"https:\/\/gymnastiquevolontaire-doldebretagne.fr\/index.php?rest_route=\/wp\/v2\/pages"}],"about":[{"href":"https:\/\/gymnastiquevolontaire-doldebretagne.fr\/index.php?rest_route=\/wp\/v2\/types\/page"}],"author":[{"embeddable":true,"href":"https:\/\/gymnastiquevolontaire-doldebretagne.fr\/index.php?rest_route=\/wp\/v2\/users\/1"}],"replies":[{"embeddable":true,"href":"https:\/\/gymnastiquevolontaire-doldebretagne.fr\/index.php?rest_route=%2Fwp%2Fv2%2Fcomments&post=30"}],"version-history":[{"count":4,"href":"https:\/\/gymnastiquevolontaire-doldebretagne.fr\/index.php?rest_route=\/wp\/v2\/pages\/30\/revisions"}],"predecessor-version":[{"id":73,"href":"https:\/\/gymnastiquevolontaire-doldebretagne.fr\/index.php?rest_route=\/wp\/v2\/pages\/30\/revisions\/73"}],"wp:attachment":[{"href":"https:\/\/gymnastiquevolontaire-doldebretagne.fr\/index.php?rest_route=%2Fwp%2Fv2%2Fmedia&parent=30"}],"curies":[{"name":"wp","href":"https:\/\/api.w.org\/{rel}","templated":true}]}}